{"id":32307,"date":"2017-07-11T08:16:45","date_gmt":"2017-07-11T08:16:45","guid":{"rendered":"https:\/\/abiotec.com\/mentions-legales\/"},"modified":"2017-10-11T07:08:07","modified_gmt":"2017-10-11T07:08:07","slug":"legal-notice","status":"publish","type":"page","link":"https:\/\/abiotec.com\/en\/legal-notice\/","title":{"rendered":"Legal Notice"},"content":{"rendered":"<p>[et_pb_section bb_built=&#8221;1&#8243; admin_label=&#8221;section&#8221;][et_pb_row background_position=&#8221;top_left&#8221; background_repeat=&#8221;repeat&#8221; background_size=&#8221;initial&#8221;][et_pb_column type=&#8221;4_4&#8243;][et_pb_text background_layout=&#8221;light&#8221; border_style=&#8221;solid&#8221; module_alignment=&#8221;left&#8221; background_position=&#8221;top_left&#8221; background_repeat=&#8221;repeat&#8221; background_size=&#8221;initial&#8221; _builder_version=&#8221;3.0.79&#8243;]<\/p>\n<h3>LEGAL NOTICES<\/h3>\n<p>[\/et_pb_text][\/et_pb_column][\/et_pb_row][et_pb_row background_position=&#8221;top_left&#8221; background_repeat=&#8221;repeat&#8221; background_size=&#8221;initial&#8221;][et_pb_column type=&#8221;1_2&#8243;][et_pb_text background_layout=&#8221;light&#8221; text_orientation=&#8221;justified&#8221; border_style=&#8221;solid&#8221; background_position=&#8221;top_left&#8221; background_repeat=&#8221;repeat&#8221; background_size=&#8221;initial&#8221; _builder_version=&#8221;3.0.79&#8243;]<\/p>\n<p><strong><u>RESPONSIBLE ENTITY<\/u><\/strong><\/p>\n<p>ABIOTEC SARL<\/p>\n<p>Parc Technologique &#8211; Immeuble Le Kepler 2<br \/>\n18\/22, Avenue Edouard Herriot<br \/>\n92350 LE PLESSIS ROBINSON (France)<\/p>\n<p>T\u00e9l. : 01 46 45 19 19<br \/>\nFax : 01 46 45 81 13<br \/>\nMail : info@abiotec.fr<\/p>\n<p>Share capital : 300 000 \u20ac<br \/>\nCompany register : Nanterre B 384 097 101<br \/>\nVAT : FR 883 840 97 101<\/p>\n<p>Director of publication and editorial manager : Mathieu Sachoux.<\/p>\n<p>&nbsp;<\/p>\n<p><strong><u>CREDITS<\/u><\/strong><\/p>\n<p>Site created by HTTP5000<br \/>\nStyle guide and web design by Laetitia Giraud<\/p>\n<p>Webmaster contact:\u00a0info@abiotec.fr<\/p>\n<p>This site is hosted by\u00a0AMEN<\/p>\n<div>14 Rond-Point des Champs-\u00c9lys\u00e9es Marcel-Dassault, 75008 Paris, France<\/div>\n<div>+33 (0)8 11 88 77 66<\/div>\n<p>[\/et_pb_text][\/et_pb_column][et_pb_column type=&#8221;1_2&#8243;][et_pb_text background_layout=&#8221;light&#8221; text_orientation=&#8221;justified&#8221; border_style=&#8221;solid&#8221; background_position=&#8221;top_left&#8221; background_repeat=&#8221;repeat&#8221; background_size=&#8221;initial&#8221; _builder_version=&#8221;3.0.79&#8243;]<\/p>\n<p><strong><u>INTELLECTUAL PROPERTY<\/u><\/strong><\/p>\n<p>This site belongs to and is operated by Abiotec. The presentation and each of the elements (texts, graphics, photographs, images, animations, icons, etc.) including brand names, logos and domain names, appearing on the site\u00a0<a href=\"http:\/\/www.abiotec.fr\/\" target=\"_blank\" rel=\"noopener noreferrer\" data-saferedirecturl=\"https:\/\/www.google.com\/url?hl=en&amp;q=http:\/\/www.abiotec.fr&amp;source=gmail&amp;ust=1505810384633000&amp;usg=AFQjCNFS6pu2d9WVfhzF1VhYxQKKHRIKUA\">www.abiotec.fr<\/a>, are protected by French and international legislation with regards to copyright and intellectual property, and belong to Abiotec or are covered by an authorisation to use by the authors themselves.<\/p>\n<p>No element comprising the site may be copied, reproduced, modified, re-edited, loaded, misrepresented, transmitted or distributed by any means whatsoever, on any media whatsoever, whether in whole or in part, without the prior written authorisation of Abiotec, with the exception of strict use for press requirements and subject to compliance with intellectual property rights and any other property right of which mention is made.<\/p>\n<p>Any authorised use of the elements comprising or appearing on the site must be made without misrepresentation, modification or alteration in any way whatsoever.<\/p>\n<p>Abiotec reserves the right to bring legal proceedings as a result of any infringement of its intellectual property rights.<\/p>\n<p>&nbsp;<\/p>\n<p>[\/et_pb_text][\/et_pb_column][\/et_pb_row][\/et_pb_section]<\/p>\n","protected":false},"excerpt":{"rendered":"<p>LEGAL NOTICES RESPONSIBLE ENTITY ABIOTEC SARL Parc Technologique &#8211; Immeuble Le Kepler 2 18\/22, Avenue Edouard Herriot 92350 LE PLESSIS ROBINSON (France) T\u00e9l. : 01 46 45 19 19 Fax : 01 46 45 81 13 Mail : info@abiotec.fr Share capital : 300 000 \u20ac Company register : Nanterre B 384 097 101 VAT : [&hellip;]<\/p>\n","protected":false},"author":1,"featured_media":0,"parent":0,"menu_order":0,"comment_status":"closed","ping_status":"closed","template":"","meta":{"_et_pb_use_builder":"on","_et_pb_old_content":"","_et_gb_content_width":"","footnotes":""},"class_list":["post-32307","page","type-page","status-publish","hentry"],"yoast_head":"<!-- This site is optimized with the Yoast SEO plugin v27.3 - https:\/\/yoast.com\/product\/yoast-seo-wordpress\/ -->\n<title>Legal Notice &#8211; Abiotec<\/title>\n<meta name=\"description\" content=\"Depuis 1985, Abiotec est le sp\u00e9cialiste fran\u00e7ais de la technologie UV. D\u00e9couvrez nos services en purification de l&#039;eau, purification de l&#039;air et contr\u00f4le des insectes.\" \/>\n<meta name=\"robots\" content=\"index, follow, max-snippet:-1, max-image-preview:large, max-video-preview:-1\" \/>\n<link rel=\"canonical\" href=\"https:\/\/abiotec.com\/en\/legal-notice\/\" \/>\n<meta property=\"og:locale\" content=\"en_US\" \/>\n<meta property=\"og:type\" content=\"article\" \/>\n<meta property=\"og:title\" content=\"Legal Notice &#8211; Abiotec\" \/>\n<meta property=\"og:description\" content=\"Depuis 1985, Abiotec est le sp\u00e9cialiste fran\u00e7ais de la technologie UV. D\u00e9couvrez nos services en purification de l&#039;eau, purification de l&#039;air et contr\u00f4le des insectes.\" \/>\n<meta property=\"og:url\" content=\"https:\/\/abiotec.com\/en\/legal-notice\/\" \/>\n<meta property=\"og:site_name\" content=\"Abiotec\" \/>\n<meta property=\"article:modified_time\" content=\"2017-10-11T07:08:07+00:00\" \/>\n<meta name=\"twitter:card\" content=\"summary_large_image\" \/>\n<meta name=\"twitter:label1\" content=\"Est. reading time\" \/>\n\t<meta name=\"twitter:data1\" content=\"2 minutes\" \/>\n<script type=\"application\/ld+json\" class=\"yoast-schema-graph\">{\"@context\":\"https:\\\/\\\/schema.org\",\"@graph\":[{\"@type\":\"WebPage\",\"@id\":\"https:\\\/\\\/abiotec.com\\\/en\\\/legal-notice\\\/\",\"url\":\"https:\\\/\\\/abiotec.com\\\/en\\\/legal-notice\\\/\",\"name\":\"Legal Notice &#8211; Abiotec\",\"isPartOf\":{\"@id\":\"https:\\\/\\\/abiotec.com\\\/#website\"},\"datePublished\":\"2017-07-11T08:16:45+00:00\",\"dateModified\":\"2017-10-11T07:08:07+00:00\",\"description\":\"Depuis 1985, Abiotec est le sp\u00e9cialiste fran\u00e7ais de la technologie UV. D\u00e9couvrez nos services en purification de l'eau, purification de l'air et contr\u00f4le des insectes.\",\"breadcrumb\":{\"@id\":\"https:\\\/\\\/abiotec.com\\\/en\\\/legal-notice\\\/#breadcrumb\"},\"inLanguage\":\"en-US\",\"potentialAction\":[{\"@type\":\"ReadAction\",\"target\":[\"https:\\\/\\\/abiotec.com\\\/en\\\/legal-notice\\\/\"]}]},{\"@type\":\"BreadcrumbList\",\"@id\":\"https:\\\/\\\/abiotec.com\\\/en\\\/legal-notice\\\/#breadcrumb\",\"itemListElement\":[{\"@type\":\"ListItem\",\"position\":1,\"name\":\"Home\",\"item\":\"https:\\\/\\\/abiotec.com\\\/en\\\/\"},{\"@type\":\"ListItem\",\"position\":2,\"name\":\"Legal Notice\"}]},{\"@type\":\"WebSite\",\"@id\":\"https:\\\/\\\/abiotec.com\\\/#website\",\"url\":\"https:\\\/\\\/abiotec.com\\\/\",\"name\":\"Abiotec\",\"description\":\"Les experts de la technologie UV\",\"publisher\":{\"@id\":\"https:\\\/\\\/abiotec.com\\\/#organization\"},\"potentialAction\":[{\"@type\":\"SearchAction\",\"target\":{\"@type\":\"EntryPoint\",\"urlTemplate\":\"https:\\\/\\\/abiotec.com\\\/?s={search_term_string}\"},\"query-input\":{\"@type\":\"PropertyValueSpecification\",\"valueRequired\":true,\"valueName\":\"search_term_string\"}}],\"inLanguage\":\"en-US\"},{\"@type\":\"Organization\",\"@id\":\"https:\\\/\\\/abiotec.com\\\/#organization\",\"name\":\"Abiotec\",\"url\":\"https:\\\/\\\/abiotec.com\\\/\",\"logo\":{\"@type\":\"ImageObject\",\"inLanguage\":\"en-US\",\"@id\":\"https:\\\/\\\/abiotec.com\\\/#\\\/schema\\\/logo\\\/image\\\/\",\"url\":\"https:\\\/\\\/abiotec.com\\\/wp-content\\\/uploads\\\/2017\\\/11\\\/Abiotec-logo-technologie_uv.png\",\"contentUrl\":\"https:\\\/\\\/abiotec.com\\\/wp-content\\\/uploads\\\/2017\\\/11\\\/Abiotec-logo-technologie_uv.png\",\"width\":100,\"height\":35,\"caption\":\"Abiotec\"},\"image\":{\"@id\":\"https:\\\/\\\/abiotec.com\\\/#\\\/schema\\\/logo\\\/image\\\/\"}}]}<\/script>\n<!-- \/ Yoast SEO plugin. -->","yoast_head_json":{"title":"Legal Notice &#8211; Abiotec","description":"Depuis 1985, Abiotec est le sp\u00e9cialiste fran\u00e7ais de la technologie UV. D\u00e9couvrez nos services en purification de l'eau, purification de l'air et contr\u00f4le des insectes.","robots":{"index":"index","follow":"follow","max-snippet":"max-snippet:-1","max-image-preview":"max-image-preview:large","max-video-preview":"max-video-preview:-1"},"canonical":"https:\/\/abiotec.com\/en\/legal-notice\/","og_locale":"en_US","og_type":"article","og_title":"Legal Notice &#8211; Abiotec","og_description":"Depuis 1985, Abiotec est le sp\u00e9cialiste fran\u00e7ais de la technologie UV. D\u00e9couvrez nos services en purification de l'eau, purification de l'air et contr\u00f4le des insectes.","og_url":"https:\/\/abiotec.com\/en\/legal-notice\/","og_site_name":"Abiotec","article_modified_time":"2017-10-11T07:08:07+00:00","twitter_card":"summary_large_image","twitter_misc":{"Est. reading time":"2 minutes"},"schema":{"@context":"https:\/\/schema.org","@graph":[{"@type":"WebPage","@id":"https:\/\/abiotec.com\/en\/legal-notice\/","url":"https:\/\/abiotec.com\/en\/legal-notice\/","name":"Legal Notice &#8211; Abiotec","isPartOf":{"@id":"https:\/\/abiotec.com\/#website"},"datePublished":"2017-07-11T08:16:45+00:00","dateModified":"2017-10-11T07:08:07+00:00","description":"Depuis 1985, Abiotec est le sp\u00e9cialiste fran\u00e7ais de la technologie UV. D\u00e9couvrez nos services en purification de l'eau, purification de l'air et contr\u00f4le des insectes.","breadcrumb":{"@id":"https:\/\/abiotec.com\/en\/legal-notice\/#breadcrumb"},"inLanguage":"en-US","potentialAction":[{"@type":"ReadAction","target":["https:\/\/abiotec.com\/en\/legal-notice\/"]}]},{"@type":"BreadcrumbList","@id":"https:\/\/abiotec.com\/en\/legal-notice\/#breadcrumb","itemListElement":[{"@type":"ListItem","position":1,"name":"Home","item":"https:\/\/abiotec.com\/en\/"},{"@type":"ListItem","position":2,"name":"Legal Notice"}]},{"@type":"WebSite","@id":"https:\/\/abiotec.com\/#website","url":"https:\/\/abiotec.com\/","name":"Abiotec","description":"Les experts de la technologie UV","publisher":{"@id":"https:\/\/abiotec.com\/#organization"},"potentialAction":[{"@type":"SearchAction","target":{"@type":"EntryPoint","urlTemplate":"https:\/\/abiotec.com\/?s={search_term_string}"},"query-input":{"@type":"PropertyValueSpecification","valueRequired":true,"valueName":"search_term_string"}}],"inLanguage":"en-US"},{"@type":"Organization","@id":"https:\/\/abiotec.com\/#organization","name":"Abiotec","url":"https:\/\/abiotec.com\/","logo":{"@type":"ImageObject","inLanguage":"en-US","@id":"https:\/\/abiotec.com\/#\/schema\/logo\/image\/","url":"https:\/\/abiotec.com\/wp-content\/uploads\/2017\/11\/Abiotec-logo-technologie_uv.png","contentUrl":"https:\/\/abiotec.com\/wp-content\/uploads\/2017\/11\/Abiotec-logo-technologie_uv.png","width":100,"height":35,"caption":"Abiotec"},"image":{"@id":"https:\/\/abiotec.com\/#\/schema\/logo\/image\/"}}]}},"_links":{"self":[{"href":"https:\/\/abiotec.com\/en\/wp-json\/wp\/v2\/pages\/32307","targetHints":{"allow":["GET"]}}],"collection":[{"href":"https:\/\/abiotec.com\/en\/wp-json\/wp\/v2\/pages"}],"about":[{"href":"https:\/\/abiotec.com\/en\/wp-json\/wp\/v2\/types\/page"}],"author":[{"embeddable":true,"href":"https:\/\/abiotec.com\/en\/wp-json\/wp\/v2\/users\/1"}],"replies":[{"embeddable":true,"href":"https:\/\/abiotec.com\/en\/wp-json\/wp\/v2\/comments?post=32307"}],"version-history":[{"count":2,"href":"https:\/\/abiotec.com\/en\/wp-json\/wp\/v2\/pages\/32307\/revisions"}],"predecessor-version":[{"id":32309,"href":"https:\/\/abiotec.com\/en\/wp-json\/wp\/v2\/pages\/32307\/revisions\/32309"}],"wp:attachment":[{"href":"https:\/\/abiotec.com\/en\/wp-json\/wp\/v2\/media?parent=32307"}],"curies":[{"name":"wp","href":"https:\/\/api.w.org\/{rel}","templated":true}]}}