{"id":32347,"date":"2017-08-22T13:20:40","date_gmt":"2017-08-22T13:20:40","guid":{"rendered":"https:\/\/abiotec.com\/formulaire-devis-eau\/"},"modified":"2017-10-25T19:43:42","modified_gmt":"2017-10-25T19:43:42","slug":"contact-form-water-quotation","status":"publish","type":"page","link":"https:\/\/abiotec.com\/en\/contact-form-water-quotation\/","title":{"rendered":"Contact form water quotation"},"content":{"rendered":"<p>[et_pb_section bb_built=&#8221;1&#8243; admin_label=&#8221;section&#8221;][et_pb_row admin_label=&#8221;row&#8221; background_position=&#8221;top_left&#8221; background_repeat=&#8221;repeat&#8221; background_size=&#8221;initial&#8221;][et_pb_column type=&#8221;4_4&#8243;][et_pb_code _builder_version=&#8221;3.0.80&#8243;]\n<div class=\"wpcf7 no-js\" id=\"wpcf7-f32581-o1\" lang=\"fr-FR\" dir=\"ltr\" data-wpcf7-id=\"32581\">\n<div class=\"screen-reader-response\"><p role=\"status\" aria-live=\"polite\" aria-atomic=\"true\"><\/p> <ul><\/ul><\/div>\n<form action=\"\/en\/wp-json\/wp\/v2\/pages\/32347#wpcf7-f32581-o1\" method=\"post\" class=\"wpcf7-form init cf7-style minimal-brown\" aria-label=\"Formulaire de contact\" enctype=\"multipart\/form-data\" novalidate=\"novalidate\" data-status=\"init\">\n<fieldset class=\"hidden-fields-container\"><input type=\"hidden\" name=\"_wpcf7\" value=\"32581\" \/><input type=\"hidden\" name=\"_wpcf7_version\" value=\"6.1.5\" \/><input type=\"hidden\" name=\"_wpcf7_locale\" value=\"fr_FR\" \/><input type=\"hidden\" name=\"_wpcf7_unit_tag\" value=\"wpcf7-f32581-o1\" \/><input type=\"hidden\" name=\"_wpcf7_container_post\" value=\"0\" \/><input type=\"hidden\" name=\"_wpcf7_posted_data_hash\" value=\"\" \/><input type=\"hidden\" name=\"_wpcf7_recaptcha_response\" value=\"\" \/>\n<\/fieldset>\n<p class=\"subtitle-form\">Call our specialists about your projects, we will reply as soon as possible.\n<\/p>\n<p><label>Company or organisation*<br \/>\n<span class=\"wpcf7-form-control-wrap\" data-name=\"text-societe\"><input size=\"40\" maxlength=\"400\" class=\"wpcf7-form-control wpcf7-text wpcf7-validates-as-required\" id=\"eaudevis\" aria-required=\"true\" aria-invalid=\"false\" value=\"\" type=\"text\" name=\"text-societe\" \/><\/span><\/label>\n<\/p>\n<p><label>Name*<br \/>\n<span class=\"wpcf7-form-control-wrap\" data-name=\"text-nom\"><input size=\"40\" maxlength=\"400\" class=\"wpcf7-form-control wpcf7-text wpcf7-validates-as-required\" aria-required=\"true\" aria-invalid=\"false\" value=\"\" type=\"text\" name=\"text-nom\" \/><\/span><\/label>\n<\/p>\n<p><label>Postcode*<br \/>\n<span class=\"wpcf7-form-control-wrap\" data-name=\"text-codepostal\"><input size=\"40\" maxlength=\"400\" class=\"wpcf7-form-control wpcf7-text wpcf7-validates-as-required\" aria-required=\"true\" aria-invalid=\"false\" value=\"\" type=\"text\" name=\"text-codepostal\" \/><\/span><\/label>\n<\/p>\n<p><label>E-mail*<br \/>\n<span class=\"wpcf7-form-control-wrap\" data-name=\"email-email\"><input size=\"40\" maxlength=\"400\" class=\"wpcf7-form-control wpcf7-email wpcf7-validates-as-required wpcf7-text wpcf7-validates-as-email\" aria-required=\"true\" aria-invalid=\"false\" value=\"\" type=\"email\" name=\"email-email\" \/><\/span><\/label>\n<\/p>\n<p><label>Telephone*<br \/>\n<span class=\"wpcf7-form-control-wrap\" data-name=\"text-telephone\"><input size=\"40\" maxlength=\"400\" class=\"wpcf7-form-control wpcf7-text wpcf7-validates-as-required\" aria-required=\"true\" aria-invalid=\"false\" value=\"\" type=\"text\" name=\"text-telephone\" \/><\/span><\/label>\n<\/p>\n<hr \/>\n<p><label><\/label>\n<\/p>\n<p style=\"text-align:center;font-size:28px;\">Your project :\n<\/p>\n<p><label>Flow rate to be treated (in m<sup>3<\/sup>\/h)*<br \/>\n<span class=\"wpcf7-form-control-wrap\" data-name=\"text-surface\"><input size=\"40\" maxlength=\"400\" class=\"wpcf7-form-control wpcf7-text wpcf7-validates-as-required\" aria-required=\"true\" aria-invalid=\"false\" value=\"\" type=\"text\" name=\"text-surface\" \/><\/span><\/label>\n<\/p>\n<div style=\"display:inline-block;\">\n\t<p><label>UV permeability<\/label>\n\t<\/p>\n\t<div style=\"width:30%; float:left;margin-right:1%;\">\n\t\t<p><span class=\"wpcf7-form-control-wrap\" data-name=\"text-permapourcent\"><input size=\"40\" maxlength=\"400\" class=\"wpcf7-form-control wpcf7-text\" aria-invalid=\"false\" placeholder=\"optional\" value=\"\" type=\"text\" name=\"text-permapourcent\" \/><\/span>\n\t\t<\/p>\n\t<\/div>\n\t<div style=\"width:33%; float:left;text-align:center;margin-top:10px;\">\n\t\t<p>% measured over\n\t\t<\/p>\n\t<\/div>\n\t<div style=\"width:30%; float:left;\">\n\t\t<p><span class=\"wpcf7-form-control-wrap\" data-name=\"menu-permamm\"><select class=\"wpcf7-form-control wpcf7-select\" aria-invalid=\"false\" name=\"menu-permamm\"><option value=\"10 mm\">10 mm<\/option><option value=\"40 mm\">40 mm<\/option><option value=\"50 mm\">50 mm<\/option><option value=\"100 mm\">100 mm<\/option><\/select><\/span>\n\t\t<\/p>\n\t<\/div>\n<\/div>\n<p><i>If you do not have this information, we can still provide a design using a permeability assumption based on our wide experience.<\/i>\n<\/p>\n<p><label>Describe your activity and your project :<br \/>\n<span class=\"wpcf7-form-control-wrap\" data-name=\"textarea-projet\"><textarea cols=\"40\" rows=\"10\" maxlength=\"2000\" class=\"wpcf7-form-control wpcf7-textarea\" aria-invalid=\"false\" placeholder=\"facultatif\" name=\"textarea-projet\"><\/textarea><\/span><\/label>\n<\/p>\n<p><label class=\"file_label_class\">Add a file (drawing, specifications, photos, etc.) :<\/label>\n<\/p>\n<p><span class=\"wpcf7-form-control-wrap\" data-name=\"file-piecesjointes\"><input size=\"40\" class=\"wpcf7-form-control wpcf7-file\" id=\"water_quotation_en\" accept=\"audio\/*,video\/*,image\/*\" aria-invalid=\"false\" type=\"file\" name=\"file-piecesjointes\" \/><\/span>\n<\/p>\n<p style=\"text-align:center;margin-top:30px;\"><br \/>\n<input class=\"wpcf7-form-control wpcf7-submit has-spinner\" type=\"submit\" value=\"Send my request for a WATER quotation\" \/>\n<\/p><div class=\"wpcf7-response-output\" aria-hidden=\"true\"><\/div>\n<\/form>\n<\/div>\n[\/et_pb_code][\/et_pb_column][\/et_pb_row][\/et_pb_section]<\/p>\n","protected":false},"excerpt":{"rendered":"\n<div class=\"wpcf7 no-js\" id=\"wpcf7-f32581-o2\" lang=\"fr-FR\" dir=\"ltr\" data-wpcf7-id=\"32581\">\n<div class=\"screen-reader-response\"><p role=\"status\" aria-live=\"polite\" aria-atomic=\"true\"><\/p> <ul><\/ul><\/div>\n<form action=\"\/en\/wp-json\/wp\/v2\/pages\/32347#wpcf7-f32581-o2\" method=\"post\" class=\"wpcf7-form init cf7-style minimal-brown\" aria-label=\"Formulaire de contact\" enctype=\"multipart\/form-data\" novalidate=\"novalidate\" data-status=\"init\">\n<fieldset class=\"hidden-fields-container\"><input type=\"hidden\" name=\"_wpcf7\" value=\"32581\" \/><input type=\"hidden\" name=\"_wpcf7_version\" value=\"6.1.5\" \/><input type=\"hidden\" name=\"_wpcf7_locale\" value=\"fr_FR\" \/><input type=\"hidden\" name=\"_wpcf7_unit_tag\" value=\"wpcf7-f32581-o2\" \/><input type=\"hidden\" name=\"_wpcf7_container_post\" value=\"0\" \/><input type=\"hidden\" name=\"_wpcf7_posted_data_hash\" value=\"\" \/><input type=\"hidden\" name=\"_wpcf7_recaptcha_response\" value=\"\" \/>\n<\/fieldset>\n<p class=\"subtitle-form\">Call our specialists about your projects, we will reply as soon as possible.\n<\/p>\n<p><label>Company or organisation*<br \/>\n<span class=\"wpcf7-form-control-wrap\" data-name=\"text-societe\"><input size=\"40\" maxlength=\"400\" class=\"wpcf7-form-control wpcf7-text wpcf7-validates-as-required\" aria-required=\"true\" aria-invalid=\"false\" value=\"\" type=\"text\" name=\"text-societe\" \/><\/span><\/label>\n<\/p>\n<p><label>Name*<br \/>\n<span class=\"wpcf7-form-control-wrap\" data-name=\"text-nom\"><input size=\"40\" maxlength=\"400\" class=\"wpcf7-form-control wpcf7-text wpcf7-validates-as-required\" aria-required=\"true\" aria-invalid=\"false\" value=\"\" type=\"text\" name=\"text-nom\" \/><\/span><\/label>\n<\/p>\n<p><label>Postcode*<br \/>\n<span class=\"wpcf7-form-control-wrap\" data-name=\"text-codepostal\"><input size=\"40\" maxlength=\"400\" class=\"wpcf7-form-control wpcf7-text wpcf7-validates-as-required\" aria-required=\"true\" aria-invalid=\"false\" value=\"\" type=\"text\" name=\"text-codepostal\" \/><\/span><\/label>\n<\/p>\n<p><label>E-mail*<br \/>\n<span class=\"wpcf7-form-control-wrap\" data-name=\"email-email\"><input size=\"40\" maxlength=\"400\" class=\"wpcf7-form-control wpcf7-email wpcf7-validates-as-required wpcf7-text wpcf7-validates-as-email\" aria-required=\"true\" aria-invalid=\"false\" value=\"\" type=\"email\" name=\"email-email\" \/><\/span><\/label>\n<\/p>\n<p><label>Telephone*<br \/>\n<span class=\"wpcf7-form-control-wrap\" data-name=\"text-telephone\"><input size=\"40\" maxlength=\"400\" class=\"wpcf7-form-control wpcf7-text wpcf7-validates-as-required\" aria-required=\"true\" aria-invalid=\"false\" value=\"\" type=\"text\" name=\"text-telephone\" \/><\/span><\/label>\n<\/p>\n<hr \/>\n<p><label><\/label>\n<\/p>\n<p style=\"text-align:center;font-size:28px;\">Your project :\n<\/p>\n<p><label>Flow rate to be treated (in m<sup>3<\/sup>\/h)*<br \/>\n<span class=\"wpcf7-form-control-wrap\" data-name=\"text-surface\"><input size=\"40\" maxlength=\"400\" class=\"wpcf7-form-control wpcf7-text wpcf7-validates-as-required\" aria-required=\"true\" aria-invalid=\"false\" value=\"\" type=\"text\" name=\"text-surface\" \/><\/span><\/label>\n<\/p>\n<div style=\"display:inline-block;\">\n\t<p><label>UV permeability<\/label>\n\t<\/p>\n\t<div style=\"width:30%; float:left;margin-right:1%;\">\n\t\t<p><span class=\"wpcf7-form-control-wrap\" data-name=\"text-permapourcent\"><input size=\"40\" maxlength=\"400\" class=\"wpcf7-form-control wpcf7-text\" aria-invalid=\"false\" placeholder=\"optional\" value=\"\" type=\"text\" name=\"text-permapourcent\" \/><\/span>\n\t\t<\/p>\n\t<\/div>\n\t<div style=\"width:33%; float:left;text-align:center;margin-top:10px;\">\n\t\t<p>% measured over\n\t\t<\/p>\n\t<\/div>\n\t<div style=\"width:30%; float:left;\">\n\t\t<p><span class=\"wpcf7-form-control-wrap\" data-name=\"menu-permamm\"><select class=\"wpcf7-form-control wpcf7-select\" aria-invalid=\"false\" name=\"menu-permamm\"><option value=\"10 mm\">10 mm<\/option><option value=\"40 mm\">40 mm<\/option><option value=\"50 mm\">50 mm<\/option><option value=\"100 mm\">100 mm<\/option><\/select><\/span>\n\t\t<\/p>\n\t<\/div>\n<\/div>\n<p><i>If you do not have this information, we can still provide a design using a permeability assumption based on our wide experience.<\/i>\n<\/p>\n<p><label>Describe your activity and your project :<br \/>\n<span class=\"wpcf7-form-control-wrap\" data-name=\"textarea-projet\"><textarea cols=\"40\" rows=\"10\" maxlength=\"2000\" class=\"wpcf7-form-control wpcf7-textarea\" aria-invalid=\"false\" placeholder=\"facultatif\" name=\"textarea-projet\"><\/textarea><\/span><\/label>\n<\/p>\n<p><label class=\"file_label_class\">Add a file (drawing, specifications, photos, etc.) :<\/label>\n<\/p>\n<p><span class=\"wpcf7-form-control-wrap\" data-name=\"file-piecesjointes\"><input size=\"40\" class=\"wpcf7-form-control wpcf7-file\" accept=\"audio\/*,video\/*,image\/*\" aria-invalid=\"false\" type=\"file\" name=\"file-piecesjointes\" \/><\/span>\n<\/p>\n<p style=\"text-align:center;margin-top:30px;\"><br \/>\n<input class=\"wpcf7-form-control wpcf7-submit has-spinner\" type=\"submit\" value=\"Send my request for a WATER quotation\" \/>\n<\/p><div class=\"wpcf7-response-output\" aria-hidden=\"true\"><\/div>\n<\/form>\n<\/div>\n\n","protected":false},"author":1,"featured_media":0,"parent":0,"menu_order":0,"comment_status":"closed","ping_status":"closed","template":"","meta":{"_et_pb_use_builder":"on","_et_pb_old_content":"","_et_gb_content_width":"","footnotes":""},"class_list":["post-32347","page","type-page","status-publish","hentry"],"yoast_head":"<!-- This site is optimized with the Yoast SEO plugin v27.3 - https:\/\/yoast.com\/product\/yoast-seo-wordpress\/ -->\n<title>Contact form water quotation &#8211; Abiotec<\/title>\n<meta name=\"description\" content=\"Depuis 1985, Abiotec est le sp\u00e9cialiste fran\u00e7ais de la technologie UV. D\u00e9couvrez nos services en purification de l&#039;eau, purification de l&#039;air et contr\u00f4le des insectes.\" \/>\n<meta name=\"robots\" content=\"index, follow, max-snippet:-1, max-image-preview:large, max-video-preview:-1\" \/>\n<link rel=\"canonical\" href=\"https:\/\/abiotec.com\/en\/contact-form-water-quotation\/\" \/>\n<meta property=\"og:locale\" content=\"en_US\" \/>\n<meta property=\"og:type\" content=\"article\" \/>\n<meta property=\"og:title\" content=\"Contact form water quotation &#8211; Abiotec\" \/>\n<meta property=\"og:description\" content=\"Depuis 1985, Abiotec est le sp\u00e9cialiste fran\u00e7ais de la technologie UV. D\u00e9couvrez nos services en purification de l&#039;eau, purification de l&#039;air et contr\u00f4le des insectes.\" \/>\n<meta property=\"og:url\" content=\"https:\/\/abiotec.com\/en\/contact-form-water-quotation\/\" \/>\n<meta property=\"og:site_name\" content=\"Abiotec\" \/>\n<meta property=\"article:modified_time\" content=\"2017-10-25T19:43:42+00:00\" \/>\n<meta name=\"twitter:card\" content=\"summary_large_image\" \/>\n<script type=\"application\/ld+json\" class=\"yoast-schema-graph\">{\"@context\":\"https:\\\/\\\/schema.org\",\"@graph\":[{\"@type\":\"WebPage\",\"@id\":\"https:\\\/\\\/abiotec.com\\\/en\\\/contact-form-water-quotation\\\/\",\"url\":\"https:\\\/\\\/abiotec.com\\\/en\\\/contact-form-water-quotation\\\/\",\"name\":\"Contact form water quotation &#8211; Abiotec\",\"isPartOf\":{\"@id\":\"https:\\\/\\\/abiotec.com\\\/#website\"},\"datePublished\":\"2017-08-22T13:20:40+00:00\",\"dateModified\":\"2017-10-25T19:43:42+00:00\",\"description\":\"Depuis 1985, Abiotec est le sp\u00e9cialiste fran\u00e7ais de la technologie UV. D\u00e9couvrez nos services en purification de l'eau, purification de l'air et contr\u00f4le des insectes.\",\"breadcrumb\":{\"@id\":\"https:\\\/\\\/abiotec.com\\\/en\\\/contact-form-water-quotation\\\/#breadcrumb\"},\"inLanguage\":\"en-US\",\"potentialAction\":[{\"@type\":\"ReadAction\",\"target\":[\"https:\\\/\\\/abiotec.com\\\/en\\\/contact-form-water-quotation\\\/\"]}]},{\"@type\":\"BreadcrumbList\",\"@id\":\"https:\\\/\\\/abiotec.com\\\/en\\\/contact-form-water-quotation\\\/#breadcrumb\",\"itemListElement\":[{\"@type\":\"ListItem\",\"position\":1,\"name\":\"Home\",\"item\":\"https:\\\/\\\/abiotec.com\\\/en\\\/\"},{\"@type\":\"ListItem\",\"position\":2,\"name\":\"Contact form water quotation\"}]},{\"@type\":\"WebSite\",\"@id\":\"https:\\\/\\\/abiotec.com\\\/#website\",\"url\":\"https:\\\/\\\/abiotec.com\\\/\",\"name\":\"Abiotec\",\"description\":\"Les experts de la technologie UV\",\"publisher\":{\"@id\":\"https:\\\/\\\/abiotec.com\\\/#organization\"},\"potentialAction\":[{\"@type\":\"SearchAction\",\"target\":{\"@type\":\"EntryPoint\",\"urlTemplate\":\"https:\\\/\\\/abiotec.com\\\/?s={search_term_string}\"},\"query-input\":{\"@type\":\"PropertyValueSpecification\",\"valueRequired\":true,\"valueName\":\"search_term_string\"}}],\"inLanguage\":\"en-US\"},{\"@type\":\"Organization\",\"@id\":\"https:\\\/\\\/abiotec.com\\\/#organization\",\"name\":\"Abiotec\",\"url\":\"https:\\\/\\\/abiotec.com\\\/\",\"logo\":{\"@type\":\"ImageObject\",\"inLanguage\":\"en-US\",\"@id\":\"https:\\\/\\\/abiotec.com\\\/#\\\/schema\\\/logo\\\/image\\\/\",\"url\":\"https:\\\/\\\/abiotec.com\\\/wp-content\\\/uploads\\\/2017\\\/11\\\/Abiotec-logo-technologie_uv.png\",\"contentUrl\":\"https:\\\/\\\/abiotec.com\\\/wp-content\\\/uploads\\\/2017\\\/11\\\/Abiotec-logo-technologie_uv.png\",\"width\":100,\"height\":35,\"caption\":\"Abiotec\"},\"image\":{\"@id\":\"https:\\\/\\\/abiotec.com\\\/#\\\/schema\\\/logo\\\/image\\\/\"}}]}<\/script>\n<!-- \/ Yoast SEO plugin. -->","yoast_head_json":{"title":"Contact form water quotation &#8211; Abiotec","description":"Depuis 1985, Abiotec est le sp\u00e9cialiste fran\u00e7ais de la technologie UV. D\u00e9couvrez nos services en purification de l'eau, purification de l'air et contr\u00f4le des insectes.","robots":{"index":"index","follow":"follow","max-snippet":"max-snippet:-1","max-image-preview":"max-image-preview:large","max-video-preview":"max-video-preview:-1"},"canonical":"https:\/\/abiotec.com\/en\/contact-form-water-quotation\/","og_locale":"en_US","og_type":"article","og_title":"Contact form water quotation &#8211; Abiotec","og_description":"Depuis 1985, Abiotec est le sp\u00e9cialiste fran\u00e7ais de la technologie UV. D\u00e9couvrez nos services en purification de l'eau, purification de l'air et contr\u00f4le des insectes.","og_url":"https:\/\/abiotec.com\/en\/contact-form-water-quotation\/","og_site_name":"Abiotec","article_modified_time":"2017-10-25T19:43:42+00:00","twitter_card":"summary_large_image","schema":{"@context":"https:\/\/schema.org","@graph":[{"@type":"WebPage","@id":"https:\/\/abiotec.com\/en\/contact-form-water-quotation\/","url":"https:\/\/abiotec.com\/en\/contact-form-water-quotation\/","name":"Contact form water quotation &#8211; Abiotec","isPartOf":{"@id":"https:\/\/abiotec.com\/#website"},"datePublished":"2017-08-22T13:20:40+00:00","dateModified":"2017-10-25T19:43:42+00:00","description":"Depuis 1985, Abiotec est le sp\u00e9cialiste fran\u00e7ais de la technologie UV. D\u00e9couvrez nos services en purification de l'eau, purification de l'air et contr\u00f4le des insectes.","breadcrumb":{"@id":"https:\/\/abiotec.com\/en\/contact-form-water-quotation\/#breadcrumb"},"inLanguage":"en-US","potentialAction":[{"@type":"ReadAction","target":["https:\/\/abiotec.com\/en\/contact-form-water-quotation\/"]}]},{"@type":"BreadcrumbList","@id":"https:\/\/abiotec.com\/en\/contact-form-water-quotation\/#breadcrumb","itemListElement":[{"@type":"ListItem","position":1,"name":"Home","item":"https:\/\/abiotec.com\/en\/"},{"@type":"ListItem","position":2,"name":"Contact form water quotation"}]},{"@type":"WebSite","@id":"https:\/\/abiotec.com\/#website","url":"https:\/\/abiotec.com\/","name":"Abiotec","description":"Les experts de la technologie UV","publisher":{"@id":"https:\/\/abiotec.com\/#organization"},"potentialAction":[{"@type":"SearchAction","target":{"@type":"EntryPoint","urlTemplate":"https:\/\/abiotec.com\/?s={search_term_string}"},"query-input":{"@type":"PropertyValueSpecification","valueRequired":true,"valueName":"search_term_string"}}],"inLanguage":"en-US"},{"@type":"Organization","@id":"https:\/\/abiotec.com\/#organization","name":"Abiotec","url":"https:\/\/abiotec.com\/","logo":{"@type":"ImageObject","inLanguage":"en-US","@id":"https:\/\/abiotec.com\/#\/schema\/logo\/image\/","url":"https:\/\/abiotec.com\/wp-content\/uploads\/2017\/11\/Abiotec-logo-technologie_uv.png","contentUrl":"https:\/\/abiotec.com\/wp-content\/uploads\/2017\/11\/Abiotec-logo-technologie_uv.png","width":100,"height":35,"caption":"Abiotec"},"image":{"@id":"https:\/\/abiotec.com\/#\/schema\/logo\/image\/"}}]}},"_links":{"self":[{"href":"https:\/\/abiotec.com\/en\/wp-json\/wp\/v2\/pages\/32347","targetHints":{"allow":["GET"]}}],"collection":[{"href":"https:\/\/abiotec.com\/en\/wp-json\/wp\/v2\/pages"}],"about":[{"href":"https:\/\/abiotec.com\/en\/wp-json\/wp\/v2\/types\/page"}],"author":[{"embeddable":true,"href":"https:\/\/abiotec.com\/en\/wp-json\/wp\/v2\/users\/1"}],"replies":[{"embeddable":true,"href":"https:\/\/abiotec.com\/en\/wp-json\/wp\/v2\/comments?post=32347"}],"version-history":[{"count":3,"href":"https:\/\/abiotec.com\/en\/wp-json\/wp\/v2\/pages\/32347\/revisions"}],"predecessor-version":[{"id":32598,"href":"https:\/\/abiotec.com\/en\/wp-json\/wp\/v2\/pages\/32347\/revisions\/32598"}],"wp:attachment":[{"href":"https:\/\/abiotec.com\/en\/wp-json\/wp\/v2\/media?parent=32347"}],"curies":[{"name":"wp","href":"https:\/\/api.w.org\/{rel}","templated":true}]}}