{"id":32349,"date":"2017-07-17T09:57:29","date_gmt":"2017-07-17T09:57:29","guid":{"rendered":"https:\/\/abiotec.com\/air-purification\/laccompagnement-air\/"},"modified":"2017-10-11T08:01:09","modified_gmt":"2017-10-11T08:01:09","slug":"air-support","status":"publish","type":"page","link":"https:\/\/abiotec.com\/en\/air-purification\/air-support\/","title":{"rendered":"AIR support"},"content":{"rendered":"<p>[et_pb_section bb_built=&#8221;1&#8243; admin_label=&#8221;#3 Hero Section&#8221; background_color=&#8221;#003045&#8243; custom_padding=&#8221;0px||0px|&#8221; padding_mobile=&#8221;on&#8221; collapsed=&#8221;off&#8221; custom_padding_tablet=&#8221;0px||0px|&#8221;][et_pb_row admin_label=&#8221;row&#8221; custom_padding=&#8221;50px||50px|&#8221; custom_padding_phone=&#8221;20px||20px|&#8221; custom_margin=&#8221;||0px|&#8221; column_padding_mobile=&#8221;on&#8221; parallax_method_1=&#8221;off&#8221; parallax_method_2=&#8221;off&#8221; custom_padding_last_edited=&#8221;on|phone&#8221; background_position=&#8221;top_left&#8221; background_repeat=&#8221;repeat&#8221; background_size=&#8221;initial&#8221;][et_pb_column type=&#8221;4_4&#8243;][et_pb_image src=&#8221;https:\/\/abiotec.com\/wp-content\/uploads\/2017\/07\/abiotec-accompagnement-air.png&#8221; align=&#8221;center&#8221; max_width=&#8221;300px&#8221; animation_style=&#8221;slide&#8221; animation_duration=&#8221;500ms&#8221; animation_intensity_slide=&#8221;10%&#8221; animation_direction=&#8221;left&#8221; \/][et_pb_text admin_label=&#8221;accompagnement eau&#8221; background_layout=&#8221;dark&#8221; text_orientation=&#8221;center&#8221; max_width_tablet=&#8221;80%&#8221; max_width_last_edited=&#8221;on|desktop&#8221; text_font_size=&#8221;20&#8243; text_font_size_last_edited=&#8221;on|phone&#8221; text_line_height=&#8221;1.1em&#8221; header_font_size=&#8221;34px&#8221; header_font_size_phone=&#8221;24px&#8221; header_font_size_last_edited=&#8221;on|phone&#8221; custom_margin=&#8221;||30px|&#8221; custom_css_main_element=&#8221;font&#8221; module_alignment=&#8221;center&#8221; background_position=&#8221;top_left&#8221; background_repeat=&#8221;repeat&#8221; background_size=&#8221;initial&#8221; _builder_version=&#8221;3.0.79&#8243; border_style=&#8221;solid&#8221;]<\/p>\n<h1 class=\"p1\">Support in the installation of air purifiers<\/h1>\n<p class=\"p1\">From design to delivery<\/p>\n<p>[\/et_pb_text][et_pb_button admin_label=&#8221;Button&#8221; button_url=&#8221;#Je souhaite \u00eatre rappel\u00e9 par les experts ABIOTEC&#8221; button_text=&#8221;I would like to receive a callback by ABIOTEC&#8217;s experts&#8221; button_alignment=&#8221;center&#8221; background_layout=&#8221;dark&#8221; module_id=&#8221;contact_us_button&#8221; module_class=&#8221;contact_us_button&#8221; custom_button=&#8221;on&#8221; button_text_size=&#8221;16px&#8221; button_text_color=&#8221;#9789ff&#8221; button_bg_color=&#8221;rgba(126,87,194,0.02)&#8221; button_border_width=&#8221;1px&#8221; button_border_color=&#8221;#9789ff&#8221; button_border_radius=&#8221;45px&#8221; button_letter_spacing=&#8221;0px&#8221; button_text_color_hover=&#8221;#ffffff&#8221; button_bg_color_hover=&#8221;#9789ff&#8221; button_border_color_hover=&#8221;#9789ff&#8221; button_border_radius_hover=&#8221;45px&#8221; button_letter_spacing_hover=&#8221;0px&#8221; custom_css_main_element=&#8221;padding-top: 8px !important;||padding-bottom: 8px !important;&#8221; saved_tabs=&#8221;all&#8221; background_color=&#8221;#0f3f53&#8243; _builder_version=&#8221;3.0.79&#8243; url_new_window=&#8221;off&#8221; button_icon_placement=&#8221;right&#8221; \/][\/et_pb_column][\/et_pb_row][\/et_pb_section][et_pb_section bb_built=&#8221;1&#8243; admin_label=&#8221;#11 Team&#8221; background_color=&#8221;rgba(255,255,255,0.18)&#8221; padding_mobile=&#8221;off&#8221; collapsed=&#8221;off&#8221; custom_padding_tablet=&#8221;50px|0|50px|0&#8243; custom_padding_last_edited=&#8221;on|desktop&#8221;][et_pb_row background_position=&#8221;top_left&#8221; background_repeat=&#8221;repeat&#8221; background_size=&#8221;initial&#8221;][et_pb_column type=&#8221;4_4&#8243;][et_pb_text text_orientation=&#8221;center&#8221; header_font_size_phone=&#8221;24px&#8221; header_font_size_last_edited=&#8221;on|phone&#8221; custom_margin_phone=&#8221;||40px|&#8221; custom_margin_last_edited=&#8221;on|phone&#8221; module_alignment=&#8221;center&#8221; background_position=&#8221;top_left&#8221; background_repeat=&#8221;repeat&#8221; background_size=&#8221;initial&#8221; _builder_version=&#8221;3.0.79&#8243; background_layout=&#8221;light&#8221; border_style=&#8221;solid&#8221;]<\/p>\n<h2 class=\"p1\">Project management in 5 steps<\/h2>\n<p>[\/et_pb_text][et_pb_blurb use_icon=&#8221;on&#8221; font_icon=&#8221;%%20%%&#8221; icon_color=&#8221;#9789ff&#8221; icon_placement=&#8221;left&#8221; use_icon_font_size=&#8221;on&#8221; icon_font_size=&#8221;29px&#8221; header_font=&#8221;|on|||&#8221; body_font_size=&#8221;16&#8243; body_font_size_phone=&#8221;14&#8243; body_font_size_last_edited=&#8221;on|phone&#8221; background_position=&#8221;top_left&#8221; background_repeat=&#8221;repeat&#8221; background_size=&#8221;initial&#8221; _builder_version=&#8221;3.0.79&#8243; url_new_window=&#8221;off&#8221; use_circle=&#8221;off&#8221; use_circle_border=&#8221;off&#8221; background_layout=&#8221;light&#8221; border_style=&#8221;solid&#8221; max_width_tablet=&#8221;50px&#8221;]<\/p>\n<h3><strong>Step 1: Free layout study<\/strong><\/h3>\n<p>Ask us to pay a visit or send us a drawing of the area to be protected or audited, our specialists will carry out a location study for the air purification devices free of charge. On-site or remotely.<\/p>\n<p>[\/et_pb_blurb][et_pb_blurb use_icon=&#8221;on&#8221; font_icon=&#8221;%%20%%&#8221; icon_color=&#8221;#9789ff&#8221; icon_placement=&#8221;left&#8221; use_icon_font_size=&#8221;on&#8221; icon_font_size=&#8221;29px&#8221; header_font=&#8221;|on|||&#8221; header_font_size_last_edited=&#8221;on|tablet&#8221; body_font_size=&#8221;16&#8243; body_font_size_phone=&#8221;14&#8243; body_font_size_last_edited=&#8221;on|phone&#8221; background_position=&#8221;top_left&#8221; background_repeat=&#8221;repeat&#8221; background_size=&#8221;initial&#8221; _builder_version=&#8221;3.0.79&#8243; url_new_window=&#8221;off&#8221; use_circle=&#8221;off&#8221; use_circle_border=&#8221;off&#8221; background_layout=&#8221;light&#8221; border_style=&#8221;solid&#8221; max_width_tablet=&#8221;50px&#8221;]<\/p>\n<h3 class=\"p1\"><strong>Step 2: Sizing of the installation<\/strong><\/h3>\n<p>Abiotec&#8217;s design specialists along with the Airocide<sup>\u00ae<\/sup>\u00a0design department in Florida will work out which model will attain the desired decontamination target after the air purifiers have been installed. To do this, they take into account various parameters such as activity in the area to be protected, the volume, fresh air supply, current contamination, number of individuals in the area, etc.<\/p>\n<p>[\/et_pb_blurb][et_pb_blurb use_icon=&#8221;on&#8221; font_icon=&#8221;%%20%%&#8221; icon_color=&#8221;#9789ff&#8221; icon_placement=&#8221;left&#8221; use_icon_font_size=&#8221;on&#8221; icon_font_size=&#8221;29px&#8221; header_font=&#8221;|on|||&#8221; body_font_size=&#8221;16&#8243; body_font_size_phone=&#8221;14&#8243; body_font_size_last_edited=&#8221;on|phone&#8221; background_position=&#8221;top_left&#8221; background_repeat=&#8221;repeat&#8221; background_size=&#8221;initial&#8221; _builder_version=&#8221;3.0.79&#8243; url_new_window=&#8221;off&#8221; use_circle=&#8221;off&#8221; use_circle_border=&#8221;off&#8221; background_layout=&#8221;light&#8221; border_style=&#8221;solid&#8221; image_max_width_tablet=&#8221;50px&#8221; max_width_tablet=&#8221;50px&#8221;]<\/p>\n<h3 class=\"p1\"><strong>Step 3: Quality tests<\/strong><\/h3>\n<p>Each Airocide<sup>\u00ae<\/sup>\u00a0purifier is tested a number of times throughout the manufacturing process in the US, and undergoes a final test before shipment.<\/p>\n<p>[\/et_pb_blurb][et_pb_blurb use_icon=&#8221;on&#8221; font_icon=&#8221;%%20%%&#8221; icon_color=&#8221;#9789ff&#8221; icon_placement=&#8221;left&#8221; use_icon_font_size=&#8221;on&#8221; icon_font_size=&#8221;29px&#8221; header_font=&#8221;|on|||&#8221; body_font_size=&#8221;16&#8243; body_font_size_phone=&#8221;14&#8243; body_font_size_last_edited=&#8221;on|phone&#8221; background_position=&#8221;top_left&#8221; background_repeat=&#8221;repeat&#8221; background_size=&#8221;initial&#8221; _builder_version=&#8221;3.0.79&#8243; url_new_window=&#8221;off&#8221; use_circle=&#8221;off&#8221; use_circle_border=&#8221;off&#8221; background_layout=&#8221;light&#8221; border_style=&#8221;solid&#8221; image_max_width_tablet=&#8221;50px&#8221; max_width_tablet=&#8221;50px&#8221;]<\/p>\n<h3 class=\"p1\"><strong>Step 4: Delivery<\/strong><\/h3>\n<p>The logistics team takes on responsibility for packaging and shipping your Airocide<sup>\u00ae<\/sup>\u00a0and will be able to keep you informed about your delivery.<\/p>\n<p>[\/et_pb_blurb][et_pb_blurb use_icon=&#8221;on&#8221; font_icon=&#8221;%%20%%&#8221; icon_color=&#8221;#9789ff&#8221; icon_placement=&#8221;left&#8221; use_icon_font_size=&#8221;on&#8221; icon_font_size=&#8221;29px&#8221; header_font=&#8221;|on|||&#8221; body_font_size=&#8221;16&#8243; body_font_size_phone=&#8221;14&#8243; body_font_size_last_edited=&#8221;on|phone&#8221; background_position=&#8221;top_left&#8221; background_repeat=&#8221;repeat&#8221; background_size=&#8221;initial&#8221; _builder_version=&#8221;3.0.79&#8243; url_new_window=&#8221;off&#8221; use_circle=&#8221;off&#8221; use_circle_border=&#8221;off&#8221; background_layout=&#8221;light&#8221; border_style=&#8221;solid&#8221; image_max_width_tablet=&#8221;50px&#8221; max_width_tablet=&#8221;50px&#8221;]<\/p>\n<h3 class=\"p1\"><strong>Step 5: After-sales service<\/strong><\/h3>\n<p>A large and permanent stock of spare parts is available to you in under 24 h. A team of specialist technicians is on hand to help you as quickly as possible.<\/p>\n<p>[\/et_pb_blurb][\/et_pb_column][\/et_pb_row][et_pb_row background_position=&#8221;top_left&#8221; background_repeat=&#8221;repeat&#8221; background_size=&#8221;initial&#8221;][et_pb_column type=&#8221;4_4&#8243;][et_pb_text background_layout=&#8221;light&#8221; text_orientation=&#8221;center&#8221; border_style=&#8221;solid&#8221; module_alignment=&#8221;center&#8221; background_position=&#8221;top_left&#8221; background_repeat=&#8221;repeat&#8221; background_size=&#8221;initial&#8221; _builder_version=&#8221;3.0.79&#8243;]<\/p>\n<h3>The project leader is your single contact person throughout your project<\/h3>\n<p>[\/et_pb_text][et_pb_button admin_label=&#8221;Button&#8221; button_url=&#8221;#Je souhaite \u00eatre rappel\u00e9 par les experts ABIOTEC&#8221; button_text=&#8221;I would like to receive a callback by ABIOTEC&#8217;s experts&#8221; button_alignment=&#8221;center&#8221; background_layout=&#8221;dark&#8221; module_id=&#8221;contact_us_button2&#8243; module_class=&#8221;contact_us_button&#8221; custom_button=&#8221;on&#8221; button_text_size=&#8221;16px&#8221; button_text_color=&#8221;#9789ff&#8221; button_bg_color=&#8221;rgba(126,87,194,0.02)&#8221; button_border_width=&#8221;1px&#8221; button_border_color=&#8221;#9789ff&#8221; button_border_radius=&#8221;45px&#8221; button_letter_spacing=&#8221;0px&#8221; button_text_color_hover=&#8221;#ffffff&#8221; button_bg_color_hover=&#8221;#9789ff&#8221; button_border_color_hover=&#8221;#9789ff&#8221; button_border_radius_hover=&#8221;45px&#8221; button_letter_spacing_hover=&#8221;0px&#8221; custom_css_main_element=&#8221;padding-top: 8px !important;||padding-bottom: 8px !important;&#8221; saved_tabs=&#8221;all&#8221; background_color=&#8221;#0f3f53&#8243; _builder_version=&#8221;3.0.79&#8243; url_new_window=&#8221;off&#8221; button_icon_placement=&#8221;right&#8221; \/][\/et_pb_column][\/et_pb_row][\/et_pb_section]<\/p>\n","protected":false},"excerpt":{"rendered":"<p>Support in the installation of air purifiers From design to delivery Project management in 5 steps Step 1: Free layout study Ask us to pay a visit or send us a drawing of the area to be protected or audited, our specialists will carry out a location study for the air purification devices free of [&hellip;]<\/p>\n","protected":false},"author":2,"featured_media":0,"parent":32325,"menu_order":0,"comment_status":"closed","ping_status":"closed","template":"","meta":{"_et_pb_use_builder":"on","_et_pb_old_content":"","_et_gb_content_width":"","footnotes":""},"class_list":["post-32349","page","type-page","status-publish","hentry"],"yoast_head":"<!-- This site is optimized with the Yoast SEO plugin v27.3 - https:\/\/yoast.com\/product\/yoast-seo-wordpress\/ -->\n<title>AIR support &#8211; Abiotec<\/title>\n<meta name=\"description\" content=\"Depuis 1985, Abiotec est le sp\u00e9cialiste fran\u00e7ais de la technologie UV. D\u00e9couvrez nos services en purification de l&#039;eau, purification de l&#039;air et contr\u00f4le des insectes.\" \/>\n<meta name=\"robots\" content=\"index, follow, max-snippet:-1, max-image-preview:large, max-video-preview:-1\" \/>\n<link rel=\"canonical\" href=\"https:\/\/abiotec.com\/purifier-air\/notre-accompagnement-air\/\" \/>\n<meta property=\"og:locale\" content=\"en_US\" \/>\n<meta property=\"og:type\" content=\"article\" \/>\n<meta property=\"og:title\" content=\"AIR support &#8211; Abiotec\" \/>\n<meta property=\"og:description\" content=\"Depuis 1985, Abiotec est le sp\u00e9cialiste fran\u00e7ais de la technologie UV. D\u00e9couvrez nos services en purification de l&#039;eau, purification de l&#039;air et contr\u00f4le des insectes.\" \/>\n<meta property=\"og:url\" content=\"https:\/\/abiotec.com\/purifier-air\/notre-accompagnement-air\/\" \/>\n<meta property=\"og:site_name\" content=\"Abiotec\" \/>\n<meta property=\"article:modified_time\" content=\"2017-10-11T08:01:09+00:00\" \/>\n<meta name=\"twitter:card\" content=\"summary_large_image\" \/>\n<meta name=\"twitter:label1\" content=\"Est. reading time\" \/>\n\t<meta name=\"twitter:data1\" content=\"6 minutes\" \/>\n<script type=\"application\/ld+json\" class=\"yoast-schema-graph\">{\"@context\":\"https:\\\/\\\/schema.org\",\"@graph\":[{\"@type\":\"WebPage\",\"@id\":\"https:\\\/\\\/abiotec.com\\\/purifier-air\\\/notre-accompagnement-air\\\/\",\"url\":\"https:\\\/\\\/abiotec.com\\\/purifier-air\\\/notre-accompagnement-air\\\/\",\"name\":\"AIR support &#8211; Abiotec\",\"isPartOf\":{\"@id\":\"https:\\\/\\\/abiotec.com\\\/#website\"},\"datePublished\":\"2017-07-17T09:57:29+00:00\",\"dateModified\":\"2017-10-11T08:01:09+00:00\",\"description\":\"Depuis 1985, Abiotec est le sp\u00e9cialiste fran\u00e7ais de la technologie UV. D\u00e9couvrez nos services en purification de l'eau, purification de l'air et contr\u00f4le des insectes.\",\"breadcrumb\":{\"@id\":\"https:\\\/\\\/abiotec.com\\\/purifier-air\\\/notre-accompagnement-air\\\/#breadcrumb\"},\"inLanguage\":\"en-US\",\"potentialAction\":[{\"@type\":\"ReadAction\",\"target\":[\"https:\\\/\\\/abiotec.com\\\/purifier-air\\\/notre-accompagnement-air\\\/\"]}]},{\"@type\":\"BreadcrumbList\",\"@id\":\"https:\\\/\\\/abiotec.com\\\/purifier-air\\\/notre-accompagnement-air\\\/#breadcrumb\",\"itemListElement\":[{\"@type\":\"ListItem\",\"position\":1,\"name\":\"Home\",\"item\":\"https:\\\/\\\/abiotec.com\\\/en\\\/\"},{\"@type\":\"ListItem\",\"position\":2,\"name\":\"Air purification\",\"item\":\"https:\\\/\\\/abiotec.com\\\/purifier-air\\\/\"},{\"@type\":\"ListItem\",\"position\":3,\"name\":\"AIR support\"}]},{\"@type\":\"WebSite\",\"@id\":\"https:\\\/\\\/abiotec.com\\\/#website\",\"url\":\"https:\\\/\\\/abiotec.com\\\/\",\"name\":\"Abiotec\",\"description\":\"Les experts de la technologie UV\",\"publisher\":{\"@id\":\"https:\\\/\\\/abiotec.com\\\/#organization\"},\"potentialAction\":[{\"@type\":\"SearchAction\",\"target\":{\"@type\":\"EntryPoint\",\"urlTemplate\":\"https:\\\/\\\/abiotec.com\\\/?s={search_term_string}\"},\"query-input\":{\"@type\":\"PropertyValueSpecification\",\"valueRequired\":true,\"valueName\":\"search_term_string\"}}],\"inLanguage\":\"en-US\"},{\"@type\":\"Organization\",\"@id\":\"https:\\\/\\\/abiotec.com\\\/#organization\",\"name\":\"Abiotec\",\"url\":\"https:\\\/\\\/abiotec.com\\\/\",\"logo\":{\"@type\":\"ImageObject\",\"inLanguage\":\"en-US\",\"@id\":\"https:\\\/\\\/abiotec.com\\\/#\\\/schema\\\/logo\\\/image\\\/\",\"url\":\"https:\\\/\\\/abiotec.com\\\/wp-content\\\/uploads\\\/2017\\\/11\\\/Abiotec-logo-technologie_uv.png\",\"contentUrl\":\"https:\\\/\\\/abiotec.com\\\/wp-content\\\/uploads\\\/2017\\\/11\\\/Abiotec-logo-technologie_uv.png\",\"width\":100,\"height\":35,\"caption\":\"Abiotec\"},\"image\":{\"@id\":\"https:\\\/\\\/abiotec.com\\\/#\\\/schema\\\/logo\\\/image\\\/\"}}]}<\/script>\n<!-- \/ Yoast SEO plugin. -->","yoast_head_json":{"title":"AIR support &#8211; Abiotec","description":"Depuis 1985, Abiotec est le sp\u00e9cialiste fran\u00e7ais de la technologie UV. D\u00e9couvrez nos services en purification de l'eau, purification de l'air et contr\u00f4le des insectes.","robots":{"index":"index","follow":"follow","max-snippet":"max-snippet:-1","max-image-preview":"max-image-preview:large","max-video-preview":"max-video-preview:-1"},"canonical":"https:\/\/abiotec.com\/purifier-air\/notre-accompagnement-air\/","og_locale":"en_US","og_type":"article","og_title":"AIR support &#8211; Abiotec","og_description":"Depuis 1985, Abiotec est le sp\u00e9cialiste fran\u00e7ais de la technologie UV. D\u00e9couvrez nos services en purification de l'eau, purification de l'air et contr\u00f4le des insectes.","og_url":"https:\/\/abiotec.com\/purifier-air\/notre-accompagnement-air\/","og_site_name":"Abiotec","article_modified_time":"2017-10-11T08:01:09+00:00","twitter_card":"summary_large_image","twitter_misc":{"Est. reading time":"6 minutes"},"schema":{"@context":"https:\/\/schema.org","@graph":[{"@type":"WebPage","@id":"https:\/\/abiotec.com\/purifier-air\/notre-accompagnement-air\/","url":"https:\/\/abiotec.com\/purifier-air\/notre-accompagnement-air\/","name":"AIR support &#8211; Abiotec","isPartOf":{"@id":"https:\/\/abiotec.com\/#website"},"datePublished":"2017-07-17T09:57:29+00:00","dateModified":"2017-10-11T08:01:09+00:00","description":"Depuis 1985, Abiotec est le sp\u00e9cialiste fran\u00e7ais de la technologie UV. D\u00e9couvrez nos services en purification de l'eau, purification de l'air et contr\u00f4le des insectes.","breadcrumb":{"@id":"https:\/\/abiotec.com\/purifier-air\/notre-accompagnement-air\/#breadcrumb"},"inLanguage":"en-US","potentialAction":[{"@type":"ReadAction","target":["https:\/\/abiotec.com\/purifier-air\/notre-accompagnement-air\/"]}]},{"@type":"BreadcrumbList","@id":"https:\/\/abiotec.com\/purifier-air\/notre-accompagnement-air\/#breadcrumb","itemListElement":[{"@type":"ListItem","position":1,"name":"Home","item":"https:\/\/abiotec.com\/en\/"},{"@type":"ListItem","position":2,"name":"Air purification","item":"https:\/\/abiotec.com\/purifier-air\/"},{"@type":"ListItem","position":3,"name":"AIR support"}]},{"@type":"WebSite","@id":"https:\/\/abiotec.com\/#website","url":"https:\/\/abiotec.com\/","name":"Abiotec","description":"Les experts de la technologie UV","publisher":{"@id":"https:\/\/abiotec.com\/#organization"},"potentialAction":[{"@type":"SearchAction","target":{"@type":"EntryPoint","urlTemplate":"https:\/\/abiotec.com\/?s={search_term_string}"},"query-input":{"@type":"PropertyValueSpecification","valueRequired":true,"valueName":"search_term_string"}}],"inLanguage":"en-US"},{"@type":"Organization","@id":"https:\/\/abiotec.com\/#organization","name":"Abiotec","url":"https:\/\/abiotec.com\/","logo":{"@type":"ImageObject","inLanguage":"en-US","@id":"https:\/\/abiotec.com\/#\/schema\/logo\/image\/","url":"https:\/\/abiotec.com\/wp-content\/uploads\/2017\/11\/Abiotec-logo-technologie_uv.png","contentUrl":"https:\/\/abiotec.com\/wp-content\/uploads\/2017\/11\/Abiotec-logo-technologie_uv.png","width":100,"height":35,"caption":"Abiotec"},"image":{"@id":"https:\/\/abiotec.com\/#\/schema\/logo\/image\/"}}]}},"_links":{"self":[{"href":"https:\/\/abiotec.com\/en\/wp-json\/wp\/v2\/pages\/32349","targetHints":{"allow":["GET"]}}],"collection":[{"href":"https:\/\/abiotec.com\/en\/wp-json\/wp\/v2\/pages"}],"about":[{"href":"https:\/\/abiotec.com\/en\/wp-json\/wp\/v2\/types\/page"}],"author":[{"embeddable":true,"href":"https:\/\/abiotec.com\/en\/wp-json\/wp\/v2\/users\/2"}],"replies":[{"embeddable":true,"href":"https:\/\/abiotec.com\/en\/wp-json\/wp\/v2\/comments?post=32349"}],"version-history":[{"count":1,"href":"https:\/\/abiotec.com\/en\/wp-json\/wp\/v2\/pages\/32349\/revisions"}],"predecessor-version":[{"id":32351,"href":"https:\/\/abiotec.com\/en\/wp-json\/wp\/v2\/pages\/32349\/revisions\/32351"}],"up":[{"embeddable":true,"href":"https:\/\/abiotec.com\/en\/wp-json\/wp\/v2\/pages\/32325"}],"wp:attachment":[{"href":"https:\/\/abiotec.com\/en\/wp-json\/wp\/v2\/media?parent=32349"}],"curies":[{"name":"wp","href":"https:\/\/api.w.org\/{rel}","templated":true}]}}