{"id":32352,"date":"2017-07-03T15:51:48","date_gmt":"2017-07-03T15:51:48","guid":{"rendered":"https:\/\/abiotec.com\/air-purification\/le-procede-airocide\/"},"modified":"2017-10-11T08:04:06","modified_gmt":"2017-10-11T08:04:06","slug":"the-airocide-process","status":"publish","type":"page","link":"https:\/\/abiotec.com\/en\/air-purification\/the-airocide-process\/","title":{"rendered":"The Airocide\u00ae process"},"content":{"rendered":"<p>[et_pb_section bb_built=&#8221;1&#8243; admin_label=&#8221;#3 Hero Section&#8221; background_color=&#8221;#003045&#8243; custom_padding=&#8221;0px||0px|&#8221; padding_mobile=&#8221;on&#8221; collapsed=&#8221;off&#8221; custom_padding_tablet=&#8221;0px||0px|&#8221;][et_pb_row admin_label=&#8221;row&#8221; custom_padding=&#8221;50px||50px|&#8221; custom_padding_phone=&#8221;20px||20px|&#8221; custom_margin=&#8221;||0px|&#8221; column_padding_mobile=&#8221;on&#8221; parallax_method_1=&#8221;off&#8221; parallax_method_2=&#8221;off&#8221; custom_padding_last_edited=&#8221;on|phone&#8221; background_position=&#8221;top_left&#8221; background_repeat=&#8221;repeat&#8221; background_size=&#8221;initial&#8221;][et_pb_column type=&#8221;4_4&#8243;][et_pb_image src=&#8221;https:\/\/abiotec.com\/wp-content\/uploads\/2017\/06\/abiotec-procede-air.png&#8221; align=&#8221;center&#8221; max_width=&#8221;300px&#8221; animation_style=&#8221;slide&#8221; animation_duration=&#8221;500ms&#8221; animation_intensity_slide=&#8221;10%&#8221; animation_direction=&#8221;left&#8221; \/][et_pb_text admin_label=&#8221;procede air&#8221; background_layout=&#8221;dark&#8221; text_orientation=&#8221;center&#8221; max_width_tablet=&#8221;80%&#8221; max_width_last_edited=&#8221;on|desktop&#8221; text_font_size=&#8221;20&#8243; text_font_size_last_edited=&#8221;on|phone&#8221; text_line_height=&#8221;1.1em&#8221; header_font_size=&#8221;34px&#8221; header_font_size_phone=&#8221;24px&#8221; header_font_size_last_edited=&#8221;on|phone&#8221; custom_margin=&#8221;||30px|&#8221; custom_css_main_element=&#8221;font&#8221; module_alignment=&#8221;center&#8221; background_position=&#8221;top_left&#8221; background_repeat=&#8221;repeat&#8221; background_size=&#8221;initial&#8221; _builder_version=&#8221;3.0.79&#8243; border_style=&#8221;solid&#8221;]<\/p>\n<h1>The Airocide<sup>\u00ae<\/sup>\u00a0process<\/h1>\n<p>Simple, efficient and non-hazardous<\/p>\n<p>[\/et_pb_text][et_pb_button admin_label=&#8221;Button&#8221; button_url=&#8221;#Je souhaite \u00eatre rappel\u00e9 par les experts ABIOTEC&#8221; button_text=&#8221;I would like to receive a callback by ABIOTEC&#8217;s experts&#8221; button_alignment=&#8221;center&#8221; background_layout=&#8221;dark&#8221; module_id=&#8221;contact_us_button&#8221; module_class=&#8221;contact_us_button&#8221; custom_button=&#8221;on&#8221; button_text_size=&#8221;16px&#8221; button_text_color=&#8221;#9789ff&#8221; button_bg_color=&#8221;rgba(126,87,194,0.02)&#8221; button_border_width=&#8221;1px&#8221; button_border_color=&#8221;#9789ff&#8221; button_border_radius=&#8221;45px&#8221; button_letter_spacing=&#8221;0px&#8221; button_text_color_hover=&#8221;#ffffff&#8221; button_bg_color_hover=&#8221;#9789ff&#8221; button_border_color_hover=&#8221;#9789ff&#8221; button_border_radius_hover=&#8221;45px&#8221; button_letter_spacing_hover=&#8221;0px&#8221; custom_css_main_element=&#8221;padding-top: 8px !important;||padding-bottom: 8px !important;&#8221; saved_tabs=&#8221;all&#8221; background_color=&#8221;#0f3f53&#8243; _builder_version=&#8221;3.0.79&#8243; url_new_window=&#8221;off&#8221; button_icon_placement=&#8221;right&#8221; \/][\/et_pb_column][\/et_pb_row][\/et_pb_section][et_pb_section bb_built=&#8221;1&#8243; admin_label=&#8221;#11 Team&#8221; background_color=&#8221;rgba(255,255,255,0.18)&#8221; custom_padding_phone=&#8221;0px|||&#8221; custom_padding_last_edited=&#8221;on|phone&#8221; collapsed=&#8221;off&#8221;][et_pb_row background_position=&#8221;top_left&#8221; background_repeat=&#8221;repeat&#8221; background_size=&#8221;initial&#8221;][et_pb_column type=&#8221;4_4&#8243;][et_pb_text text_orientation=&#8221;center&#8221; module_alignment=&#8221;center&#8221; background_position=&#8221;top_left&#8221; background_repeat=&#8221;repeat&#8221; background_size=&#8221;initial&#8221; _builder_version=&#8221;3.0.79&#8243; background_layout=&#8221;light&#8221; border_style=&#8221;solid&#8221;]<\/p>\n<h2 class=\"p1\">An innovative air purification technology<\/h2>\n<p>[\/et_pb_text][et_pb_video src=&#8221;https:\/\/vimeo.com\/226735547&#8243; play_icon_color=&#8221;#00415e&#8221; \/][et_pb_text text_orientation=&#8221;justified&#8221; background_position=&#8221;top_left&#8221; background_repeat=&#8221;repeat&#8221; background_size=&#8221;initial&#8221; _builder_version=&#8221;3.0.79&#8243; background_layout=&#8221;light&#8221; border_style=&#8221;solid&#8221;]<\/p>\n<h3 class=\"p1\"><strong>Photocatalytic bioconversion<\/strong><\/h3>\n<p class=\"p1\">The conversion of an organic material (vegetable, animal or bacterial) into harmless by-products via a biological process involving successive oxidations.<\/p>\n<p class=\"p1\">For this to work effectively, the process requires 3 core elements:<\/p>\n<p>&nbsp;<\/p>\n<p>[\/et_pb_text][et_pb_blurb use_icon=&#8221;on&#8221; font_icon=&#8221;%%20%%&#8221; icon_color=&#8221;#9789ff&#8221; icon_placement=&#8221;left&#8221; use_icon_font_size=&#8221;on&#8221; icon_font_size=&#8221;24px&#8221; custom_margin=&#8221;||5px|&#8221; background_position=&#8221;top_left&#8221; background_repeat=&#8221;repeat&#8221; background_size=&#8221;initial&#8221; _builder_version=&#8221;3.0.79&#8243; url_new_window=&#8221;off&#8221; use_circle=&#8221;off&#8221; use_circle_border=&#8221;off&#8221; background_layout=&#8221;light&#8221; border_style=&#8221;solid&#8221; max_width_tablet=&#8221;50px&#8221;]<\/p>\n<p>an unalterable photocatalytic substrate with ultra-high reactivity continually producing billions of hydroxyl radicals per nanosecond<\/p>\n<p>[\/et_pb_blurb][et_pb_blurb use_icon=&#8221;on&#8221; font_icon=&#8221;%%20%%&#8221; icon_color=&#8221;#9789ff&#8221; icon_placement=&#8221;left&#8221; use_icon_font_size=&#8221;on&#8221; icon_font_size=&#8221;24px&#8221; custom_margin=&#8221;||5px|&#8221; background_position=&#8221;top_left&#8221; background_repeat=&#8221;repeat&#8221; background_size=&#8221;initial&#8221; _builder_version=&#8221;3.0.79&#8243; url_new_window=&#8221;off&#8221; use_circle=&#8221;off&#8221; use_circle_border=&#8221;off&#8221; background_layout=&#8221;light&#8221; border_style=&#8221;solid&#8221; image_max_width_tablet=&#8221;50px&#8221; max_width_tablet=&#8221;50px&#8221;]<\/p>\n<p>the process must be green<\/p>\n<p>[\/et_pb_blurb][et_pb_blurb use_icon=&#8221;on&#8221; font_icon=&#8221;%%20%%&#8221; icon_color=&#8221;#9789ff&#8221; icon_placement=&#8221;left&#8221; use_icon_font_size=&#8221;on&#8221; icon_font_size=&#8221;24px&#8221; background_position=&#8221;top_left&#8221; background_repeat=&#8221;repeat&#8221; background_size=&#8221;initial&#8221; _builder_version=&#8221;3.0.79&#8243; url_new_window=&#8221;off&#8221; use_circle=&#8221;off&#8221; use_circle_border=&#8221;off&#8221; background_layout=&#8221;light&#8221; border_style=&#8221;solid&#8221; max_width_tablet=&#8221;50px&#8221;]<\/p>\n<div class=\" et_pb_row et_pb_row_1\">\n<div class=\"et_pb_column et_pb_column_4_4  et_pb_column_1\">\n<div class=\"et_pb_blurb et_pb_module et_pb_bg_layout_light et_pb_text_align_left  et_pb_blurb_2 et_pb_blurb_position_left\">\n<div class=\"et_pb_blurb_content\">\n<div class=\"et_pb_blurb_container\">\n<div class=\"et_pb_blurb_description\">\n<p>no hazardous or noxious by-product must be produced during the bioconversion<\/p>\n<\/div>\n<\/div>\n<\/div>\n<\/div>\n<\/div>\n<\/div>\n<div class=\" et_pb_row et_pb_row_2\"><\/div>\n<p>[\/et_pb_blurb][et_pb_text background_position=&#8221;top_left&#8221; background_repeat=&#8221;repeat&#8221; background_size=&#8221;initial&#8221; _builder_version=&#8221;3.0.79&#8243; background_layout=&#8221;light&#8221; border_style=&#8221;solid&#8221;]<\/p>\n<p>The ideal solution for purifying air without compromise.<\/p>\n<p>[\/et_pb_text][\/et_pb_column][\/et_pb_row][et_pb_row custom_padding_phone=&#8221;0px||0px|&#8221; parallax_method_1=&#8221;off&#8221; parallax_method_2=&#8221;off&#8221; custom_padding_last_edited=&#8221;on|phone&#8221; background_position=&#8221;top_left&#8221; background_repeat=&#8221;repeat&#8221; background_size=&#8221;initial&#8221;][et_pb_column type=&#8221;1_2&#8243;][et_pb_image src=&#8221;https:\/\/abiotec.com\/wp-content\/uploads\/2017\/07\/abiotec-air-agroalimentaire-1a.jpg&#8221; animation_style=&#8221;slide&#8221; animation_duration=&#8221;500ms&#8221; animation_intensity_slide=&#8221;10%&#8221; animation_direction=&#8221;left&#8221; \/][\/et_pb_column][et_pb_column type=&#8221;1_2&#8243;][et_pb_text text_orientation=&#8221;justified&#8221; background_position=&#8221;top_left&#8221; background_repeat=&#8221;repeat&#8221; background_size=&#8221;initial&#8221; _builder_version=&#8221;3.0.79&#8243; background_layout=&#8221;light&#8221; border_style=&#8221;solid&#8221;]<\/p>\n<h3 class=\"p1\"><strong>Airocide<sup>\u00ae<\/sup>&#8216;s unique efficiency<\/strong><\/h3>\n<p>&nbsp;<\/p>\n<p class=\"p1\">The hydroxyl radicals are bound to a silica micro-surface via nano-particles creating a substrate which is effective over 360\u00b0.<\/p>\n<p class=\"p1\">The increase in the effective surface area increases the chances of collisions with the pathogens.<\/p>\n<p class=\"p1\">Through the unique architecture of the silica micro-tubes, Airocide<sup>\u00ae<\/sup>\u00a0air purifiers have more than 5 m\u00b2 of surface area available for bioconversion.<\/p>\n<p class=\"p1\">Moreover this bioconversion technology produces neither ozone nor any noxious or undesirable by-product. Just O2, CO2 and H2O.<\/p>\n<p>[\/et_pb_text][\/et_pb_column][\/et_pb_row][et_pb_row background_position=&#8221;top_left&#8221; background_repeat=&#8221;repeat&#8221; background_size=&#8221;initial&#8221;][et_pb_column type=&#8221;4_4&#8243;][et_pb_text text_orientation=&#8221;center&#8221; module_alignment=&#8221;center&#8221; background_position=&#8221;top_left&#8221; background_repeat=&#8221;repeat&#8221; background_size=&#8221;initial&#8221; _builder_version=&#8221;3.0.79&#8243; background_layout=&#8221;light&#8221; border_style=&#8221;solid&#8221;]<\/p>\n<h3>Advantages of the Airocide<sup>\u00ae<\/sup>\u00a0solution :<\/h3>\n<p>[\/et_pb_text][et_pb_image src=&#8221;https:\/\/abiotec.com\/wp-content\/uploads\/2017\/07\/abiotec-tableau-airocide-efficacite.jpg&#8221; align=&#8221;center&#8221; animation_style=&#8221;slide&#8221; animation_duration=&#8221;500ms&#8221; animation_intensity_slide=&#8221;10%&#8221; animation_direction=&#8221;left&#8221; \/][\/et_pb_column][\/et_pb_row][et_pb_row background_position=&#8221;top_left&#8221; background_repeat=&#8221;repeat&#8221; background_size=&#8221;initial&#8221;][et_pb_column type=&#8221;4_4&#8243;][et_pb_button admin_label=&#8221;Button&#8221; button_url=&#8221;#Je souhaite \u00eatre rappel\u00e9 par les experts ABIOTEC&#8221; button_text=&#8221; I would like to receive a callback by ABIOTEC&#8217;s experts&#8221; button_alignment=&#8221;center&#8221; background_layout=&#8221;dark&#8221; module_id=&#8221;contact_us_button2&#8243; module_class=&#8221;contact_us_button&#8221; custom_button=&#8221;on&#8221; button_text_size=&#8221;16px&#8221; button_text_color=&#8221;#9789ff&#8221; button_bg_color=&#8221;rgba(126,87,194,0.02)&#8221; button_border_width=&#8221;1px&#8221; button_border_color=&#8221;#9789ff&#8221; button_border_radius=&#8221;45px&#8221; button_letter_spacing=&#8221;0px&#8221; button_text_color_hover=&#8221;#ffffff&#8221; button_bg_color_hover=&#8221;#9789ff&#8221; button_border_color_hover=&#8221;#9789ff&#8221; button_border_radius_hover=&#8221;45px&#8221; button_letter_spacing_hover=&#8221;0px&#8221; custom_css_main_element=&#8221;padding-top: 8px !important;||padding-bottom: 8px !important;&#8221; saved_tabs=&#8221;all&#8221; background_color=&#8221;#0f3f53&#8243; _builder_version=&#8221;3.0.79&#8243; url_new_window=&#8221;off&#8221; button_icon_placement=&#8221;right&#8221; \/][\/et_pb_column][\/et_pb_row][\/et_pb_section]<\/p>\n","protected":false},"excerpt":{"rendered":"<p>The Airocide\u00ae\u00a0process Simple, efficient and non-hazardous An innovative air purification technology Photocatalytic bioconversion The conversion of an organic material (vegetable, animal or bacterial) into harmless by-products via a biological process involving successive oxidations. For this to work effectively, the process requires 3 core elements: &nbsp; an unalterable photocatalytic substrate with ultra-high reactivity continually producing billions [&hellip;]<\/p>\n","protected":false},"author":2,"featured_media":0,"parent":32325,"menu_order":0,"comment_status":"closed","ping_status":"closed","template":"","meta":{"_et_pb_use_builder":"on","_et_pb_old_content":"","_et_gb_content_width":"","footnotes":""},"class_list":["post-32352","page","type-page","status-publish","hentry"],"yoast_head":"<!-- This site is optimized with the Yoast SEO plugin v27.3 - https:\/\/yoast.com\/product\/yoast-seo-wordpress\/ -->\n<title>The Airocide\u00ae process &#8211; Abiotec<\/title>\n<meta name=\"description\" content=\"Depuis 1985, Abiotec est le sp\u00e9cialiste fran\u00e7ais de la technologie UV. D\u00e9couvrez nos services en purification de l&#039;eau, purification de l&#039;air et contr\u00f4le des insectes.\" \/>\n<meta name=\"robots\" content=\"index, follow, max-snippet:-1, max-image-preview:large, max-video-preview:-1\" \/>\n<link rel=\"canonical\" href=\"https:\/\/abiotec.com\/purifier-air\/pourquoi-choisir-airocide\/\" \/>\n<meta property=\"og:locale\" content=\"en_US\" \/>\n<meta property=\"og:type\" content=\"article\" \/>\n<meta property=\"og:title\" content=\"The Airocide\u00ae process &#8211; Abiotec\" \/>\n<meta property=\"og:description\" content=\"Depuis 1985, Abiotec est le sp\u00e9cialiste fran\u00e7ais de la technologie UV. D\u00e9couvrez nos services en purification de l&#039;eau, purification de l&#039;air et contr\u00f4le des insectes.\" \/>\n<meta property=\"og:url\" content=\"https:\/\/abiotec.com\/purifier-air\/pourquoi-choisir-airocide\/\" \/>\n<meta property=\"og:site_name\" content=\"Abiotec\" \/>\n<meta property=\"article:modified_time\" content=\"2017-10-11T08:04:06+00:00\" \/>\n<meta name=\"twitter:card\" content=\"summary_large_image\" \/>\n<meta name=\"twitter:label1\" content=\"Est. reading time\" \/>\n\t<meta name=\"twitter:data1\" content=\"6 minutes\" \/>\n<script type=\"application\/ld+json\" class=\"yoast-schema-graph\">{\"@context\":\"https:\\\/\\\/schema.org\",\"@graph\":[{\"@type\":\"WebPage\",\"@id\":\"https:\\\/\\\/abiotec.com\\\/purifier-air\\\/pourquoi-choisir-airocide\\\/\",\"url\":\"https:\\\/\\\/abiotec.com\\\/purifier-air\\\/pourquoi-choisir-airocide\\\/\",\"name\":\"The Airocide\u00ae process &#8211; Abiotec\",\"isPartOf\":{\"@id\":\"https:\\\/\\\/abiotec.com\\\/#website\"},\"datePublished\":\"2017-07-03T15:51:48+00:00\",\"dateModified\":\"2017-10-11T08:04:06+00:00\",\"description\":\"Depuis 1985, Abiotec est le sp\u00e9cialiste fran\u00e7ais de la technologie UV. D\u00e9couvrez nos services en purification de l'eau, purification de l'air et contr\u00f4le des insectes.\",\"breadcrumb\":{\"@id\":\"https:\\\/\\\/abiotec.com\\\/purifier-air\\\/pourquoi-choisir-airocide\\\/#breadcrumb\"},\"inLanguage\":\"en-US\",\"potentialAction\":[{\"@type\":\"ReadAction\",\"target\":[\"https:\\\/\\\/abiotec.com\\\/purifier-air\\\/pourquoi-choisir-airocide\\\/\"]}]},{\"@type\":\"BreadcrumbList\",\"@id\":\"https:\\\/\\\/abiotec.com\\\/purifier-air\\\/pourquoi-choisir-airocide\\\/#breadcrumb\",\"itemListElement\":[{\"@type\":\"ListItem\",\"position\":1,\"name\":\"Home\",\"item\":\"https:\\\/\\\/abiotec.com\\\/en\\\/\"},{\"@type\":\"ListItem\",\"position\":2,\"name\":\"Air purification\",\"item\":\"https:\\\/\\\/abiotec.com\\\/purifier-air\\\/\"},{\"@type\":\"ListItem\",\"position\":3,\"name\":\"The Airocide\u00ae process\"}]},{\"@type\":\"WebSite\",\"@id\":\"https:\\\/\\\/abiotec.com\\\/#website\",\"url\":\"https:\\\/\\\/abiotec.com\\\/\",\"name\":\"Abiotec\",\"description\":\"Les experts de la technologie UV\",\"publisher\":{\"@id\":\"https:\\\/\\\/abiotec.com\\\/#organization\"},\"potentialAction\":[{\"@type\":\"SearchAction\",\"target\":{\"@type\":\"EntryPoint\",\"urlTemplate\":\"https:\\\/\\\/abiotec.com\\\/?s={search_term_string}\"},\"query-input\":{\"@type\":\"PropertyValueSpecification\",\"valueRequired\":true,\"valueName\":\"search_term_string\"}}],\"inLanguage\":\"en-US\"},{\"@type\":\"Organization\",\"@id\":\"https:\\\/\\\/abiotec.com\\\/#organization\",\"name\":\"Abiotec\",\"url\":\"https:\\\/\\\/abiotec.com\\\/\",\"logo\":{\"@type\":\"ImageObject\",\"inLanguage\":\"en-US\",\"@id\":\"https:\\\/\\\/abiotec.com\\\/#\\\/schema\\\/logo\\\/image\\\/\",\"url\":\"https:\\\/\\\/abiotec.com\\\/wp-content\\\/uploads\\\/2017\\\/11\\\/Abiotec-logo-technologie_uv.png\",\"contentUrl\":\"https:\\\/\\\/abiotec.com\\\/wp-content\\\/uploads\\\/2017\\\/11\\\/Abiotec-logo-technologie_uv.png\",\"width\":100,\"height\":35,\"caption\":\"Abiotec\"},\"image\":{\"@id\":\"https:\\\/\\\/abiotec.com\\\/#\\\/schema\\\/logo\\\/image\\\/\"}}]}<\/script>\n<!-- \/ Yoast SEO plugin. -->","yoast_head_json":{"title":"The Airocide\u00ae process &#8211; Abiotec","description":"Depuis 1985, Abiotec est le sp\u00e9cialiste fran\u00e7ais de la technologie UV. D\u00e9couvrez nos services en purification de l'eau, purification de l'air et contr\u00f4le des insectes.","robots":{"index":"index","follow":"follow","max-snippet":"max-snippet:-1","max-image-preview":"max-image-preview:large","max-video-preview":"max-video-preview:-1"},"canonical":"https:\/\/abiotec.com\/purifier-air\/pourquoi-choisir-airocide\/","og_locale":"en_US","og_type":"article","og_title":"The Airocide\u00ae process &#8211; Abiotec","og_description":"Depuis 1985, Abiotec est le sp\u00e9cialiste fran\u00e7ais de la technologie UV. D\u00e9couvrez nos services en purification de l'eau, purification de l'air et contr\u00f4le des insectes.","og_url":"https:\/\/abiotec.com\/purifier-air\/pourquoi-choisir-airocide\/","og_site_name":"Abiotec","article_modified_time":"2017-10-11T08:04:06+00:00","twitter_card":"summary_large_image","twitter_misc":{"Est. reading time":"6 minutes"},"schema":{"@context":"https:\/\/schema.org","@graph":[{"@type":"WebPage","@id":"https:\/\/abiotec.com\/purifier-air\/pourquoi-choisir-airocide\/","url":"https:\/\/abiotec.com\/purifier-air\/pourquoi-choisir-airocide\/","name":"The Airocide\u00ae process &#8211; Abiotec","isPartOf":{"@id":"https:\/\/abiotec.com\/#website"},"datePublished":"2017-07-03T15:51:48+00:00","dateModified":"2017-10-11T08:04:06+00:00","description":"Depuis 1985, Abiotec est le sp\u00e9cialiste fran\u00e7ais de la technologie UV. D\u00e9couvrez nos services en purification de l'eau, purification de l'air et contr\u00f4le des insectes.","breadcrumb":{"@id":"https:\/\/abiotec.com\/purifier-air\/pourquoi-choisir-airocide\/#breadcrumb"},"inLanguage":"en-US","potentialAction":[{"@type":"ReadAction","target":["https:\/\/abiotec.com\/purifier-air\/pourquoi-choisir-airocide\/"]}]},{"@type":"BreadcrumbList","@id":"https:\/\/abiotec.com\/purifier-air\/pourquoi-choisir-airocide\/#breadcrumb","itemListElement":[{"@type":"ListItem","position":1,"name":"Home","item":"https:\/\/abiotec.com\/en\/"},{"@type":"ListItem","position":2,"name":"Air purification","item":"https:\/\/abiotec.com\/purifier-air\/"},{"@type":"ListItem","position":3,"name":"The Airocide\u00ae process"}]},{"@type":"WebSite","@id":"https:\/\/abiotec.com\/#website","url":"https:\/\/abiotec.com\/","name":"Abiotec","description":"Les experts de la technologie UV","publisher":{"@id":"https:\/\/abiotec.com\/#organization"},"potentialAction":[{"@type":"SearchAction","target":{"@type":"EntryPoint","urlTemplate":"https:\/\/abiotec.com\/?s={search_term_string}"},"query-input":{"@type":"PropertyValueSpecification","valueRequired":true,"valueName":"search_term_string"}}],"inLanguage":"en-US"},{"@type":"Organization","@id":"https:\/\/abiotec.com\/#organization","name":"Abiotec","url":"https:\/\/abiotec.com\/","logo":{"@type":"ImageObject","inLanguage":"en-US","@id":"https:\/\/abiotec.com\/#\/schema\/logo\/image\/","url":"https:\/\/abiotec.com\/wp-content\/uploads\/2017\/11\/Abiotec-logo-technologie_uv.png","contentUrl":"https:\/\/abiotec.com\/wp-content\/uploads\/2017\/11\/Abiotec-logo-technologie_uv.png","width":100,"height":35,"caption":"Abiotec"},"image":{"@id":"https:\/\/abiotec.com\/#\/schema\/logo\/image\/"}}]}},"_links":{"self":[{"href":"https:\/\/abiotec.com\/en\/wp-json\/wp\/v2\/pages\/32352","targetHints":{"allow":["GET"]}}],"collection":[{"href":"https:\/\/abiotec.com\/en\/wp-json\/wp\/v2\/pages"}],"about":[{"href":"https:\/\/abiotec.com\/en\/wp-json\/wp\/v2\/types\/page"}],"author":[{"embeddable":true,"href":"https:\/\/abiotec.com\/en\/wp-json\/wp\/v2\/users\/2"}],"replies":[{"embeddable":true,"href":"https:\/\/abiotec.com\/en\/wp-json\/wp\/v2\/comments?post=32352"}],"version-history":[{"count":2,"href":"https:\/\/abiotec.com\/en\/wp-json\/wp\/v2\/pages\/32352\/revisions"}],"predecessor-version":[{"id":32353,"href":"https:\/\/abiotec.com\/en\/wp-json\/wp\/v2\/pages\/32352\/revisions\/32353"}],"up":[{"embeddable":true,"href":"https:\/\/abiotec.com\/en\/wp-json\/wp\/v2\/pages\/32325"}],"wp:attachment":[{"href":"https:\/\/abiotec.com\/en\/wp-json\/wp\/v2\/media?parent=32352"}],"curies":[{"name":"wp","href":"https:\/\/api.w.org\/{rel}","templated":true}]}}